{"id":130,"date":"2026-03-09T12:58:45","date_gmt":"2026-03-09T09:58:45","guid":{"rendered":"https:\/\/www.ventomed.com\/?page_id=130"},"modified":"2026-04-16T13:27:38","modified_gmt":"2026-04-16T10:27:38","slug":"test-page","status":"publish","type":"page","link":"https:\/\/www.ventomed.com\/fr\/","title":{"rendered":"ACCUEIL"},"content":{"rendered":"<section class=\"section\" id=\"section_517397161\">\n\t\t<div class=\"section-bg fill\" >\n\t\t\t\t\t\t\t\t\t\n\t\t\t\n\t<div class=\"is-border\"\n\t\tstyle=\"border-width:0px 0px 0px 0px;\">\n\t<\/div>\n\n\t\t<\/div>\n\n\t\t\n\n\t\t<div class=\"section-content relative\">\n\t\t\t\n<div class=\"slider-wrapper relative\" id=\"slider-1650357486\" style=\"background-color:rgb(255, 255, 255);\">\n    <div class=\"slider slider-nav-circle slider-nav-large slider-nav-light slider-style-normal\"\n        data-flickity-options='{            \"cellAlign\": \"center\",            \"imagesLoaded\": true,            \"lazyLoad\": 1,            \"freeScroll\": false,            \"wrapAround\": true,            \"autoPlay\": 6000,            \"pauseAutoPlayOnHover\" : true,            \"prevNextButtons\": true,            \"contain\" : true,            \"adaptiveHeight\" : true,            \"dragThreshold\" : 10,            \"percentPosition\": true,            \"pageDots\": true,            \"rightToLeft\": false,            \"draggable\": true,            \"selectedAttraction\": 0.1,            \"parallax\" : 0,            \"friction\": 0.6        }'\n        >\n        \n\t<div class=\"img has-hover x md-x lg-x y md-y lg-y\" id=\"image_1627860614\">\n\t\t<a class=\"\" href=\"https:\/\/www.ventomed.com\/fr\/urun-kategori\/thoracolumbar\/\" >\t\t\t\t\t\t<div class=\"img-inner dark\" >\n\t\t\t<img loading=\"lazy\" decoding=\"async\" width=\"1020\" height=\"418\" src=\"https:\/\/www.ventomed.com\/wp-content\/uploads\/2026\/03\/thorocolumbar-1024x420.png\" class=\"attachment-large size-large\" alt=\"\" srcset=\"https:\/\/www.ventomed.com\/wp-content\/uploads\/2026\/03\/thorocolumbar-1024x420.png 1024w, https:\/\/www.ventomed.com\/wp-content\/uploads\/2026\/03\/thorocolumbar-300x123.png 300w, https:\/\/www.ventomed.com\/wp-content\/uploads\/2026\/03\/thorocolumbar-768x315.png 768w, https:\/\/www.ventomed.com\/wp-content\/uploads\/2026\/03\/thorocolumbar-1536x630.png 1536w, https:\/\/www.ventomed.com\/wp-content\/uploads\/2026\/03\/thorocolumbar-2048x840.png 2048w, https:\/\/www.ventomed.com\/wp-content\/uploads\/2026\/03\/thorocolumbar-400x164.png 400w\" sizes=\"auto, (max-width: 1020px) 100vw, 1020px\" \/>\t\t\t\t\t\t\n\t\t\t\t\t<\/div>\n\t\t\t\t\t\t<\/a>\t\t\n<style>\n#image_1627860614 {\n  width: 100%;\n}\n<\/style>\n\t<\/div>\n\t\n\t<div class=\"img has-hover x md-x lg-x y md-y lg-y\" id=\"image_1179784609\">\n\t\t<a class=\"\" href=\"https:\/\/www.ventomed.com\/fr\/urun-kategori\/anterior-cervical\/\" >\t\t\t\t\t\t<div class=\"img-inner dark\" >\n\t\t\t<img loading=\"lazy\" decoding=\"async\" width=\"1020\" height=\"417\" src=\"https:\/\/www.ventomed.com\/wp-content\/uploads\/2026\/03\/anterior-1024x419.png\" class=\"attachment-large size-large\" alt=\"\" srcset=\"https:\/\/www.ventomed.com\/wp-content\/uploads\/2026\/03\/anterior-1024x419.png 1024w, https:\/\/www.ventomed.com\/wp-content\/uploads\/2026\/03\/anterior-300x123.png 300w, https:\/\/www.ventomed.com\/wp-content\/uploads\/2026\/03\/anterior-768x314.png 768w, https:\/\/www.ventomed.com\/wp-content\/uploads\/2026\/03\/anterior-1536x629.png 1536w, https:\/\/www.ventomed.com\/wp-content\/uploads\/2026\/03\/anterior-2048x838.png 2048w, https:\/\/www.ventomed.com\/wp-content\/uploads\/2026\/03\/anterior-400x164.png 400w\" sizes=\"auto, (max-width: 1020px) 100vw, 1020px\" \/>\t\t\t\t\t\t\n\t\t\t\t\t<\/div>\n\t\t\t\t\t\t<\/a>\t\t\n<style>\n#image_1179784609 {\n  width: 100%;\n}\n<\/style>\n\t<\/div>\n\t\n\t<div class=\"img has-hover x md-x lg-x y md-y lg-y\" id=\"image_621288329\">\n\t\t<a class=\"\" href=\"https:\/\/www.ventomed.com\/fr\/urun-kategori\/lumbar\/\" >\t\t\t\t\t\t<div class=\"img-inner dark\" >\n\t\t\t<img loading=\"lazy\" decoding=\"async\" width=\"1020\" height=\"417\" src=\"https:\/\/www.ventomed.com\/wp-content\/uploads\/2026\/03\/cagepng-1024x419.png\" class=\"attachment-large size-large\" alt=\"\" srcset=\"https:\/\/www.ventomed.com\/wp-content\/uploads\/2026\/03\/cagepng-1024x419.png 1024w, https:\/\/www.ventomed.com\/wp-content\/uploads\/2026\/03\/cagepng-300x123.png 300w, https:\/\/www.ventomed.com\/wp-content\/uploads\/2026\/03\/cagepng-768x314.png 768w, https:\/\/www.ventomed.com\/wp-content\/uploads\/2026\/03\/cagepng-1536x629.png 1536w, https:\/\/www.ventomed.com\/wp-content\/uploads\/2026\/03\/cagepng-2048x838.png 2048w, https:\/\/www.ventomed.com\/wp-content\/uploads\/2026\/03\/cagepng-400x164.png 400w\" sizes=\"auto, (max-width: 1020px) 100vw, 1020px\" \/>\t\t\t\t\t\t\n\t\t\t\t\t<\/div>\n\t\t\t\t\t\t<\/a>\t\t\n<style>\n#image_621288329 {\n  width: 100%;\n}\n<\/style>\n\t<\/div>\n\t\n\t<div class=\"img has-hover x md-x lg-x y md-y lg-y\" id=\"image_2081385518\">\n\t\t<a class=\"\" href=\"https:\/\/www.ventomed.com\/fr\/urun-kategori\/cranio-maxillo-facial\/\" >\t\t\t\t\t\t<div class=\"img-inner dark\" >\n\t\t\t<img loading=\"lazy\" decoding=\"async\" width=\"1020\" height=\"418\" src=\"https:\/\/www.ventomed.com\/wp-content\/uploads\/2026\/03\/CMF-1024x420.png\" class=\"attachment-large size-large\" alt=\"\" srcset=\"https:\/\/www.ventomed.com\/wp-content\/uploads\/2026\/03\/CMF-1024x420.png 1024w, https:\/\/www.ventomed.com\/wp-content\/uploads\/2026\/03\/CMF-300x123.png 300w, https:\/\/www.ventomed.com\/wp-content\/uploads\/2026\/03\/CMF-768x315.png 768w, https:\/\/www.ventomed.com\/wp-content\/uploads\/2026\/03\/CMF-1536x630.png 1536w, https:\/\/www.ventomed.com\/wp-content\/uploads\/2026\/03\/CMF-2048x840.png 2048w, https:\/\/www.ventomed.com\/wp-content\/uploads\/2026\/03\/CMF-400x164.png 400w\" sizes=\"auto, (max-width: 1020px) 100vw, 1020px\" \/>\t\t\t\t\t\t\n\t\t\t\t\t<\/div>\n\t\t\t\t\t\t<\/a>\t\t\n<style>\n#image_2081385518 {\n  width: 100%;\n}\n<\/style>\n\t<\/div>\n\t\n\t<div class=\"img has-hover x md-x lg-x y md-y lg-y\" id=\"image_1448605675\">\n\t\t<a class=\"\" href=\"https:\/\/www.ventomed.com\/fr\/urun-kategori\/dura-membranes\/\" >\t\t\t\t\t\t<div class=\"img-inner dark\" >\n\t\t\t<img loading=\"lazy\" decoding=\"async\" width=\"1020\" height=\"417\" src=\"https:\/\/www.ventomed.com\/wp-content\/uploads\/2026\/03\/DURA-1024x419.png\" class=\"attachment-large size-large\" alt=\"\" srcset=\"https:\/\/www.ventomed.com\/wp-content\/uploads\/2026\/03\/DURA-1024x419.png 1024w, https:\/\/www.ventomed.com\/wp-content\/uploads\/2026\/03\/DURA-300x123.png 300w, https:\/\/www.ventomed.com\/wp-content\/uploads\/2026\/03\/DURA-768x314.png 768w, https:\/\/www.ventomed.com\/wp-content\/uploads\/2026\/03\/DURA-1536x629.png 1536w, https:\/\/www.ventomed.com\/wp-content\/uploads\/2026\/03\/DURA-2048x838.png 2048w, https:\/\/www.ventomed.com\/wp-content\/uploads\/2026\/03\/DURA-400x164.png 400w\" sizes=\"auto, (max-width: 1020px) 100vw, 1020px\" \/>\t\t\t\t\t\t\n\t\t\t\t\t<\/div>\n\t\t\t\t\t\t<\/a>\t\t\n<style>\n#image_1448605675 {\n  width: 100%;\n}\n<\/style>\n\t<\/div>\n\t\n     <\/div>\n\n     <div class=\"loading-spin dark large centered\"><\/div>\n\n\t<\/div>\n\n\n<div class=\"is-divider divider clearfix\" style=\"height:10px;background-color:rgb(255, 255, 255);\"><\/div>\n  <style>\n    #cats-1578170352 .grid-col-1{height: 600px}\n    #cats-1578170352 .grid-col-1-2{height: 300px}\n    #cats-1578170352 .grid-col-1-3{height:200px}\n    #cats-1578170352 .grid-col-2-3{height: 400px}\n    #cats-1578170352 .grid-col-1-4{height: 150px}\n    #cats-1578170352 .grid-col-3-4{height: 450px}\n\n\n        \/* Tablet *\/\n    @media (max-width: 850px){\n      #cats-1578170352 .grid-col-1{height: 400px}\n      #cats-1578170352 .grid-col-1-2{height: 200px}\n      #cats-1578170352 .grid-col-1-3{height:133.33333333333px}\n      #cats-1578170352 .grid-col-2-3{height: 266.66666666667px}\n      #cats-1578170352 .grid-col-1-4{height: 100px}\n      #cats-1578170352 .grid-col-3-4{height: 300px}\n    }\n    \n        \/* Mobile *\/\n    @media (max-width: 550px){\n      #cats-1578170352 .grid-col-1{height: 400px}\n      #cats-1578170352 .grid-col-1-2{height: 200px}\n      #cats-1578170352 .grid-col-1-3{height:133.33333333333px}\n      #cats-1578170352 .grid-col-2-3{height: 266.66666666667px}\n      #cats-1578170352 .grid-col-1-4{height: 100px}\n      #cats-1578170352 .grid-col-3-4{height: 300px}\n    }\n    \n\n  <\/style>\n  \n  \n    <div id=\"cats-1578170352\" class=\"row row-small row-full-width has-shadow row-box-shadow-5-hover row-grid\" data-packery-options='{\"itemSelector\": \".col\", \"gutter\": 0, \"presentageWidth\" : true}'>\n\n  <div class=\"product-category col grid-col grid-col-2-3 large-6 medium-12\" data-animate=\"bounceInLeft\">\n            <div class=\"col-inner\">\n              <a aria-label=\"Acc\u00e9der \u00e0 la cat\u00e9gorie de produits THORACOLUMBAR\" href=\"https:\/\/www.ventomed.com\/fr\/urun-kategori\/thoracolumbar\/\" data-no-translation-aria-label=\"\">                <div class=\"box box-category has-hover box-overlay dark box-text-middle\">\n                <div class=\"box-image\" >\n                  <div class=\"image-color image-zoom-long\" >\n                  <img loading=\"lazy\" decoding=\"async\" src=\"https:\/\/www.ventomed.com\/wp-content\/uploads\/2026\/03\/Gemini_Generated_Image_2ijpew2ijpew2ijp-e1773861446360-901x1024.png\" alt=\"THORACOLUMBAR\" width=\"300\" height=\"300\" \/>                  <div class=\"overlay\" style=\"background-color: rgba(38, 38, 38, 0.16)\"><\/div>                                    <\/div>\n                <\/div>\n                <div class=\"box-text text-center is-xlarge\" >\n                  <div class=\"box-text-inner\">\n                      <h5 class=\"uppercase header-title\">\n                              THORACOLOMBAIRE                      <\/h5>\n                                            <p class=\"is-xsmall uppercase count show-on-hover hover-reveal reveal-small\">\n\t                      13 Produits                      <\/p>\n                                            \n                  <\/div>\n                <\/div>\n                <\/div>\n            <\/a>            <\/div>\n            <\/div><div class=\"product-category col grid-col grid-col-1-2 large-3 medium-6\" data-animate=\"bounceInLeft\">\n            <div class=\"col-inner\">\n              <a aria-label=\"Acc\u00e9der \u00e0 la cat\u00e9gorie de produits POSTERIOR CERVICAL\" href=\"https:\/\/www.ventomed.com\/fr\/urun-kategori\/posterior-cervical\/\" data-no-translation-aria-label=\"\">                <div class=\"box box-category has-hover box-overlay dark box-text-middle\">\n                <div class=\"box-image\" >\n                  <div class=\"image-color image-zoom-long\" >\n                  <img loading=\"lazy\" decoding=\"async\" src=\"https:\/\/www.ventomed.com\/wp-content\/uploads\/2026\/03\/image-816x1024.jpg\" alt=\"POSTERIOR CERVICAL\" width=\"300\" height=\"300\" \/>                  <div class=\"overlay\" style=\"background-color: rgba(38, 38, 38, 0.16)\"><\/div>                                    <\/div>\n                <\/div>\n                <div class=\"box-text text-center is-xlarge\" >\n                  <div class=\"box-text-inner\">\n                      <h5 class=\"uppercase header-title\">\n                              CERVICAL POST\u00c9RIEUR                      <\/h5>\n                                            <p class=\"is-xsmall uppercase count show-on-hover hover-reveal reveal-small\">\n\t                      5 Produits                      <\/p>\n                                            \n                  <\/div>\n                <\/div>\n                <\/div>\n            <\/a>            <\/div>\n            <\/div><div class=\"product-category col grid-col grid-col-1 large-3 medium-6\" data-animate=\"bounceInLeft\">\n            <div class=\"col-inner\">\n              <a aria-label=\"Acc\u00e9der \u00e0 la cat\u00e9gorie de produits MINIMAL INVASIVE\" href=\"https:\/\/www.ventomed.com\/fr\/urun-kategori\/minimal-invasive\/\" data-no-translation-aria-label=\"\">                <div class=\"box box-category has-hover box-overlay dark box-text-middle\">\n                <div class=\"box-image\" >\n                  <div class=\"image-color image-zoom-long\" >\n                  <img loading=\"lazy\" decoding=\"async\" src=\"https:\/\/www.ventomed.com\/wp-content\/uploads\/2026\/03\/Gemini_Generated_Image_f95gaf95gaf95gaf-e1773861382877-264x300.png\" alt=\"MINIMAL INVASIVE\" width=\"300\" height=\"300\" \/>                  <div class=\"overlay\" style=\"background-color: rgba(38, 38, 38, 0.16)\"><\/div>                                    <\/div>\n                <\/div>\n                <div class=\"box-text text-center is-xlarge\" >\n                  <div class=\"box-text-inner\">\n                      <h5 class=\"uppercase header-title\">\n                              MINIMALEMENT INVASIF                      <\/h5>\n                                            <p class=\"is-xsmall uppercase count show-on-hover hover-reveal reveal-small\">\n\t                      1 Produit                      <\/p>\n                                            \n                  <\/div>\n                <\/div>\n                <\/div>\n            <\/a>            <\/div>\n            <\/div><div class=\"product-category col grid-col grid-col-1-2 large-3 medium-6\" data-animate=\"bounceInLeft\">\n            <div class=\"col-inner\">\n              <a aria-label=\"Acc\u00e9der \u00e0 la cat\u00e9gorie de produits LUMBAR\" href=\"https:\/\/www.ventomed.com\/fr\/urun-kategori\/lumbar\/\" data-no-translation-aria-label=\"\">                <div class=\"box box-category has-hover box-overlay dark box-text-middle\">\n                <div class=\"box-image\" >\n                  <div class=\"image-color image-zoom-long\" >\n                  <img loading=\"lazy\" decoding=\"async\" src=\"https:\/\/www.ventomed.com\/wp-content\/uploads\/2026\/03\/Gemini_Generated_Image_wili3hwili3hwili-e1773861413438-901x1024.png\" alt=\"LUMBAR\" width=\"300\" height=\"300\" \/>                  <div class=\"overlay\" style=\"background-color: rgba(38, 38, 38, 0.16)\"><\/div>                                    <\/div>\n                <\/div>\n                <div class=\"box-text text-center is-xlarge\" >\n                  <div class=\"box-text-inner\">\n                      <h5 class=\"uppercase header-title\">\n                              LOMBAIRE                      <\/h5>\n                                            <p class=\"is-xsmall uppercase count show-on-hover hover-reveal reveal-small\">\n\t                      7 Produits                      <\/p>\n                                            \n                  <\/div>\n                <\/div>\n                <\/div>\n            <\/a>            <\/div>\n            <\/div><div class=\"product-category col grid-col grid-col-1-3 large-6 medium-12\" data-animate=\"bounceInLeft\">\n            <div class=\"col-inner\">\n              <a aria-label=\"Acc\u00e9der \u00e0 la cat\u00e9gorie de produits DURA GRAFTS\" href=\"https:\/\/www.ventomed.com\/fr\/urun-kategori\/dura-membranes\/\" data-no-translation-aria-label=\"\">                <div class=\"box box-category has-hover box-overlay dark box-text-middle\">\n                <div class=\"box-image\" >\n                  <div class=\"image-color image-zoom-long\" >\n                  <img loading=\"lazy\" decoding=\"async\" src=\"https:\/\/www.ventomed.com\/wp-content\/uploads\/2026\/03\/Gemini_Generated_Image_scqw83scqw83scqw-e1773862090346-236x300.png\" alt=\"DURA GRAFTS\" width=\"300\" height=\"300\" \/>                  <div class=\"overlay\" style=\"background-color: rgba(38, 38, 38, 0.16)\"><\/div>                                    <\/div>\n                <\/div>\n                <div class=\"box-text text-center is-xlarge\" >\n                  <div class=\"box-text-inner\">\n                      <h5 class=\"uppercase header-title\">\n                              DURA GRAFTS                      <\/h5>\n                                            <p class=\"is-xsmall uppercase count show-on-hover hover-reveal reveal-small\">\n\t                      2 Produits                      <\/p>\n                                            \n                  <\/div>\n                <\/div>\n                <\/div>\n            <\/a>            <\/div>\n            <\/div><div class=\"product-category col grid-col grid-col-1-3 large-6 medium-12\" data-animate=\"bounceInLeft\">\n            <div class=\"col-inner\">\n              <a aria-label=\"Acc\u00e9der \u00e0 la cat\u00e9gorie de produits CRANIO MAXILLO FACIAL\" href=\"https:\/\/www.ventomed.com\/fr\/urun-kategori\/cranio-maxillo-facial\/\" data-no-translation-aria-label=\"\">                <div class=\"box box-category has-hover box-overlay dark box-text-middle\">\n                <div class=\"box-image\" >\n                  <div class=\"image-color image-zoom-long\" >\n                  <img loading=\"lazy\" decoding=\"async\" src=\"https:\/\/www.ventomed.com\/wp-content\/uploads\/2026\/03\/Gemini_Generated_Image_xnv12pxnv12pxnv1-e1774954739556-273x300.png\" alt=\"CRANIO MAXILLO FACIAL\" width=\"300\" height=\"300\" \/>                  <div class=\"overlay\" style=\"background-color: rgba(38, 38, 38, 0.16)\"><\/div>                                    <\/div>\n                <\/div>\n                <div class=\"box-text text-center is-xlarge\" >\n                  <div class=\"box-text-inner\">\n                      <h5 class=\"uppercase header-title\">\n                              CR\u00c2NIO MAXILLO-FACIAL                      <\/h5>\n                                            <p class=\"is-xsmall uppercase count show-on-hover hover-reveal reveal-small\">\n\t                      63 Produits                      <\/p>\n                                            \n                  <\/div>\n                <\/div>\n                <\/div>\n            <\/a>            <\/div>\n            <\/div><div class=\"product-category col grid-col grid-col-1-3 large-6 medium-12\" data-animate=\"bounceInLeft\">\n            <div class=\"col-inner\">\n              <a aria-label=\"Acc\u00e9der \u00e0 la cat\u00e9gorie de produits ANTERIOR CERVICAL\" href=\"https:\/\/www.ventomed.com\/fr\/urun-kategori\/anterior-cervical\/\" data-no-translation-aria-label=\"\">                <div class=\"box box-category has-hover box-overlay dark box-text-middle\">\n                <div class=\"box-image\" >\n                  <div class=\"image-color image-zoom-long\" >\n                  <img loading=\"lazy\" decoding=\"async\" src=\"https:\/\/www.ventomed.com\/wp-content\/uploads\/2026\/03\/image-1-254x300.jpg\" alt=\"ANTERIOR CERVICAL\" width=\"300\" height=\"300\" \/>                  <div class=\"overlay\" style=\"background-color: rgba(38, 38, 38, 0.16)\"><\/div>                                    <\/div>\n                <\/div>\n                <div class=\"box-text text-center is-xlarge\" >\n                  <div class=\"box-text-inner\">\n                      <h5 class=\"uppercase header-title\">\n                              CERVICAL ANT\u00c9RIEUR                      <\/h5>\n                                            <p class=\"is-xsmall uppercase count show-on-hover hover-reveal reveal-small\">\n\t                      9 Produits                      <\/p>\n                                            \n                  <\/div>\n                <\/div>\n                <\/div>\n            <\/a>            <\/div>\n            <\/div><\/div>\n\t\t<\/div>\n\n\t\t\n<style>\n#section_517397161 {\n  padding-top: 0px;\n  padding-bottom: 0px;\n}\n<\/style>\n\t<\/section>","protected":false},"excerpt":{"rendered":"","protected":false},"author":1,"featured_media":0,"parent":0,"menu_order":0,"comment_status":"closed","ping_status":"closed","template":"page-blank.php","meta":{"footnotes":""},"class_list":["post-130","page","type-page","status-publish","hentry"],"_links":{"self":[{"href":"https:\/\/www.ventomed.com\/fr\/wp-json\/wp\/v2\/pages\/130","targetHints":{"allow":["GET"]}}],"collection":[{"href":"https:\/\/www.ventomed.com\/fr\/wp-json\/wp\/v2\/pages"}],"about":[{"href":"https:\/\/www.ventomed.com\/fr\/wp-json\/wp\/v2\/types\/page"}],"author":[{"embeddable":true,"href":"https:\/\/www.ventomed.com\/fr\/wp-json\/wp\/v2\/users\/1"}],"replies":[{"embeddable":true,"href":"https:\/\/www.ventomed.com\/fr\/wp-json\/wp\/v2\/comments?post=130"}],"version-history":[{"count":19,"href":"https:\/\/www.ventomed.com\/fr\/wp-json\/wp\/v2\/pages\/130\/revisions"}],"predecessor-version":[{"id":880,"href":"https:\/\/www.ventomed.com\/fr\/wp-json\/wp\/v2\/pages\/130\/revisions\/880"}],"wp:attachment":[{"href":"https:\/\/www.ventomed.com\/fr\/wp-json\/wp\/v2\/media?parent=130"}],"curies":[{"name":"wp","href":"https:\/\/api.w.org\/{rel}","templated":true}]}}